{"id":24886,"date":"2018-11-27T09:17:08","date_gmt":"2018-11-27T09:17:08","guid":{"rendered":"https:\/\/websitedemos.net\/discover-outdoors\/?page_id=5"},"modified":"2020-02-09T18:53:21","modified_gmt":"2020-02-09T18:53:21","slug":"quem-somos","status":"publish","type":"page","link":"https:\/\/ctecsolucoes.com.br\/vp1\/quem-somos\/","title":{"rendered":"Quem Somos"},"content":{"rendered":"\t\t<div data-elementor-type=\"wp-post\" data-elementor-id=\"24886\" class=\"elementor elementor-24886\">\n\t\t\t\t\t\t<section class=\"elementor-section elementor-top-section elementor-element elementor-element-d7d8b56 elementor-section-boxed elementor-section-height-default elementor-section-height-default\" data-id=\"d7d8b56\" data-element_type=\"section\" data-settings=\"{&quot;background_background&quot;:&quot;classic&quot;}\">\n\t\t\t\t\t\t\t<div class=\"elementor-background-overlay\"><\/div>\n\t\t\t\t\t\t\t<div class=\"elementor-container elementor-column-gap-default\">\n\t\t\t\t\t<div class=\"elementor-column elementor-col-33 elementor-top-column elementor-element elementor-element-b3d335b\" data-id=\"b3d335b\" data-element_type=\"column\">\n\t\t\t<div class=\"elementor-widget-wrap\">\n\t\t\t\t\t\t\t<\/div>\n\t\t<\/div>\n\t\t\t\t<div class=\"elementor-column elementor-col-33 elementor-top-column elementor-element elementor-element-fd69444\" data-id=\"fd69444\" data-element_type=\"column\">\n\t\t\t<div class=\"elementor-widget-wrap elementor-element-populated\">\n\t\t\t\t\t\t<div class=\"elementor-element elementor-element-abcc2f2 elementor-widget elementor-widget-heading\" data-id=\"abcc2f2\" data-element_type=\"widget\" data-widget_type=\"heading.default\">\n\t\t\t\t<div class=\"elementor-widget-container\">\n\t\t\t<h1 class=\"elementor-heading-title elementor-size-default\">Quem Somos?<\/h1>\t\t<\/div>\n\t\t\t\t<\/div>\n\t\t\t\t\t<\/div>\n\t\t<\/div>\n\t\t\t\t<div class=\"elementor-column elementor-col-33 elementor-top-column elementor-element elementor-element-674669b\" data-id=\"674669b\" data-element_type=\"column\">\n\t\t\t<div class=\"elementor-widget-wrap\">\n\t\t\t\t\t\t\t<\/div>\n\t\t<\/div>\n\t\t\t\t\t<\/div>\n\t\t<\/section>\n\t\t\t\t<section class=\"elementor-section elementor-top-section elementor-element elementor-element-5c40d7b elementor-section-boxed elementor-section-height-default elementor-section-height-default\" data-id=\"5c40d7b\" data-element_type=\"section\">\n\t\t\t\t\t\t<div class=\"elementor-container elementor-column-gap-default\">\n\t\t\t\t\t<div class=\"elementor-column elementor-col-50 elementor-top-column elementor-element elementor-element-2ebbf9c\" data-id=\"2ebbf9c\" data-element_type=\"column\">\n\t\t\t<div class=\"elementor-widget-wrap elementor-element-populated\">\n\t\t\t\t\t\t<div class=\"elementor-element elementor-element-fe195c7 elementor-widget elementor-widget-heading\" data-id=\"fe195c7\" data-element_type=\"widget\" data-widget_type=\"heading.default\">\n\t\t\t\t<div class=\"elementor-widget-container\">\n\t\t\t<h2 class=\"elementor-heading-title elementor-size-default\">Nossa Empresa<\/h2>\t\t<\/div>\n\t\t\t\t<\/div>\n\t\t\t\t<div class=\"elementor-element elementor-element-dc051dd elementor-widget-divider--view-line elementor-widget elementor-widget-divider\" data-id=\"dc051dd\" data-element_type=\"widget\" data-widget_type=\"divider.default\">\n\t\t\t\t<div class=\"elementor-widget-container\">\n\t\t\t\t\t<div class=\"elementor-divider\">\n\t\t\t<span class=\"elementor-divider-separator\">\n\t\t\t\t\t\t<\/span>\n\t\t<\/div>\n\t\t\t\t<\/div>\n\t\t\t\t<\/div>\n\t\t\t\t<div class=\"elementor-element elementor-element-e5f497e elementor-widget elementor-widget-text-editor\" data-id=\"e5f497e\" data-element_type=\"widget\" data-widget_type=\"text-editor.default\">\n\t\t\t\t<div class=\"elementor-widget-container\">\n\t\t\t\t\t\t\t<p>A CTEC busca solu\u00e7\u00f5es direcionadas \u00e0s necessidades apresentadas pelo cliente, reunindo padr\u00e3o de excel\u00eancia e garantia de alta tecnologia. Buscamos continuamente a melhoria da qualidade e da produtividade de nossas obras, \u200batualizando nossas informa\u00e7\u00f5es atrav\u00e9s de pesquisas, estudos de tend\u00eancias e novidades do mercado. Al\u00e9m de prezarmos em oferecer a melhor resposta poss\u00edvel, visando atender e superar \u00e0s expectativas dos nossos clientes.<\/p>\t\t\t\t\t\t<\/div>\n\t\t\t\t<\/div>\n\t\t\t\t<div class=\"elementor-element elementor-element-5dcd18a elementor-widget elementor-widget-text-editor\" data-id=\"5dcd18a\" data-element_type=\"widget\" data-widget_type=\"text-editor.default\">\n\t\t\t\t<div class=\"elementor-widget-container\">\n\t\t\t\t\t\t\t<p>Temos como foco obras de alto padr\u00e3o, sejam elas de pequeno, m\u00e9dio ou grande porte. <br \/><br \/>Unindo experi\u00eancia \u00e0 uma equipe altamente qualificada, fornecedores selecionados visamos encontrar solu\u00e7\u00f5es de excel\u00eancia para o seu projeto.<\/p>\t\t\t\t\t\t<\/div>\n\t\t\t\t<\/div>\n\t\t\t\t\t<\/div>\n\t\t<\/div>\n\t\t\t\t<div class=\"elementor-column elementor-col-50 elementor-top-column elementor-element elementor-element-e5fdae0\" data-id=\"e5fdae0\" data-element_type=\"column\">\n\t\t\t<div class=\"elementor-widget-wrap elementor-element-populated\">\n\t\t\t\t\t\t<div class=\"elementor-element elementor-element-96b5b53 elementor-widget elementor-widget-image\" data-id=\"96b5b53\" data-element_type=\"widget\" data-widget_type=\"image.default\">\n\t\t\t\t<div class=\"elementor-widget-container\">\n\t\t\t\t\t\t\t\t\t\t\t\t\t<img fetchpriority=\"high\" decoding=\"async\" width=\"683\" height=\"1024\" src=\"https:\/\/ctecsolucoes.com.br\/vp1\/wp-content\/uploads\/2020\/02\/KGF_0082T-683x1024.jpg\" class=\"attachment-large size-large wp-image-25083\" alt=\"\" srcset=\"https:\/\/ctecsolucoes.com.br\/vp1\/wp-content\/uploads\/2020\/02\/KGF_0082T-683x1024.jpg 683w, https:\/\/ctecsolucoes.com.br\/vp1\/wp-content\/uploads\/2020\/02\/KGF_0082T-200x300.jpg 200w, https:\/\/ctecsolucoes.com.br\/vp1\/wp-content\/uploads\/2020\/02\/KGF_0082T-768x1151.jpg 768w, https:\/\/ctecsolucoes.com.br\/vp1\/wp-content\/uploads\/2020\/02\/KGF_0082T-1025x1536.jpg 1025w, https:\/\/ctecsolucoes.com.br\/vp1\/wp-content\/uploads\/2020\/02\/KGF_0082T-1367x2048.jpg 1367w, https:\/\/ctecsolucoes.com.br\/vp1\/wp-content\/uploads\/2020\/02\/KGF_0082T-600x899.jpg 600w, https:\/\/ctecsolucoes.com.br\/vp1\/wp-content\/uploads\/2020\/02\/KGF_0082T-scaled.jpg 1709w\" sizes=\"(max-width: 683px) 100vw, 683px\" \/>\t\t\t\t\t\t\t\t\t\t\t\t\t<\/div>\n\t\t\t\t<\/div>\n\t\t\t\t\t<\/div>\n\t\t<\/div>\n\t\t\t\t\t<\/div>\n\t\t<\/section>\n\t\t\t\t<section class=\"elementor-section elementor-top-section elementor-element elementor-element-e90a943 elementor-section-boxed elementor-section-height-default elementor-section-height-default\" data-id=\"e90a943\" data-element_type=\"section\">\n\t\t\t\t\t\t<div class=\"elementor-container elementor-column-gap-default\">\n\t\t\t\t\t<div class=\"elementor-column elementor-col-50 elementor-top-column elementor-element elementor-element-2126f92\" data-id=\"2126f92\" data-element_type=\"column\">\n\t\t\t<div class=\"elementor-widget-wrap elementor-element-populated\">\n\t\t\t\t\t\t<div class=\"elementor-element elementor-element-43a347a elementor-widget elementor-widget-heading\" data-id=\"43a347a\" data-element_type=\"widget\" data-widget_type=\"heading.default\">\n\t\t\t\t<div class=\"elementor-widget-container\">\n\t\t\t<h4 class=\"elementor-heading-title elementor-size-default\">Vis\u00e3o<\/h4>\t\t<\/div>\n\t\t\t\t<\/div>\n\t\t\t\t<div class=\"elementor-element elementor-element-7818b1a elementor-widget-divider--view-line elementor-widget elementor-widget-divider\" data-id=\"7818b1a\" data-element_type=\"widget\" data-widget_type=\"divider.default\">\n\t\t\t\t<div class=\"elementor-widget-container\">\n\t\t\t\t\t<div class=\"elementor-divider\">\n\t\t\t<span class=\"elementor-divider-separator\">\n\t\t\t\t\t\t<\/span>\n\t\t<\/div>\n\t\t\t\t<\/div>\n\t\t\t\t<\/div>\n\t\t\t\t<div class=\"elementor-element elementor-element-d8f9f49 elementor-widget elementor-widget-text-editor\" data-id=\"d8f9f49\" data-element_type=\"widget\" data-widget_type=\"text-editor.default\">\n\t\t\t\t<div class=\"elementor-widget-container\">\n\t\t\t\t\t\t\t<p>Ser refer\u00eancia nacional no segmento de constru\u00e7\u00e3o civil e engenharia el\u00e9trica, proporcionando qualidade, inova\u00e7\u00e3o e satisfa\u00e7\u00e3o de nossos clientes<\/p>\t\t\t\t\t\t<\/div>\n\t\t\t\t<\/div>\n\t\t\t\t\t<\/div>\n\t\t<\/div>\n\t\t\t\t<div class=\"elementor-column elementor-col-50 elementor-top-column elementor-element elementor-element-e03a328\" data-id=\"e03a328\" data-element_type=\"column\">\n\t\t\t<div class=\"elementor-widget-wrap elementor-element-populated\">\n\t\t\t\t\t\t<div class=\"elementor-element elementor-element-903c186 elementor-widget elementor-widget-heading\" data-id=\"903c186\" data-element_type=\"widget\" data-widget_type=\"heading.default\">\n\t\t\t\t<div class=\"elementor-widget-container\">\n\t\t\t<h4 class=\"elementor-heading-title elementor-size-default\">Miss\u00e3o<\/h4>\t\t<\/div>\n\t\t\t\t<\/div>\n\t\t\t\t<div class=\"elementor-element elementor-element-f96c87e elementor-icon-list--layout-traditional elementor-list-item-link-full_width elementor-widget elementor-widget-icon-list\" data-id=\"f96c87e\" data-element_type=\"widget\" data-widget_type=\"icon-list.default\">\n\t\t\t\t<div class=\"elementor-widget-container\">\n\t\t\t\t\t<ul class=\"elementor-icon-list-items\">\n\t\t\t\t\t\t\t<li class=\"elementor-icon-list-item\">\n\t\t\t\t\t\t\t\t\t\t\t<span class=\"elementor-icon-list-icon\">\n\t\t\t\t\t\t\t<i aria-hidden=\"true\" class=\"fas fa-compress-arrows-alt\"><\/i>\t\t\t\t\t\t<\/span>\n\t\t\t\t\t\t\t\t\t\t<span class=\"elementor-icon-list-text\">Projetar<\/span>\n\t\t\t\t\t\t\t\t\t<\/li>\n\t\t\t\t\t\t\t\t<li class=\"elementor-icon-list-item\">\n\t\t\t\t\t\t\t\t\t\t\t<span class=\"elementor-icon-list-icon\">\n\t\t\t\t\t\t\t<i aria-hidden=\"true\" class=\"fas fa-compress-arrows-alt\"><\/i>\t\t\t\t\t\t<\/span>\n\t\t\t\t\t\t\t\t\t\t<span class=\"elementor-icon-list-text\">Adaptar<\/span>\n\t\t\t\t\t\t\t\t\t<\/li>\n\t\t\t\t\t\t\t\t<li class=\"elementor-icon-list-item\">\n\t\t\t\t\t\t\t\t\t\t\t<span class=\"elementor-icon-list-icon\">\n\t\t\t\t\t\t\t<i aria-hidden=\"true\" class=\"fas fa-compress-arrows-alt\"><\/i>\t\t\t\t\t\t<\/span>\n\t\t\t\t\t\t\t\t\t\t<span class=\"elementor-icon-list-text\">Construir<\/span>\n\t\t\t\t\t\t\t\t\t<\/li>\n\t\t\t\t\t\t<\/ul>\n\t\t\t\t<\/div>\n\t\t\t\t<\/div>\n\t\t\t\t<div class=\"elementor-element elementor-element-270bb20 elementor-widget elementor-widget-text-editor\" data-id=\"270bb20\" data-element_type=\"widget\" data-widget_type=\"text-editor.default\">\n\t\t\t\t<div class=\"elementor-widget-container\">\n\t\t\t\t\t\t\t<p>Garantindo a excel\u00eancia na presta\u00e7\u00e3o de todos os servi\u00e7os, querendo, n\u00e3o somente, fazer o que \u00e9 necess\u00e1rio, mas levar qualidade e bem estar aos clientes, colaboradores e sociedade.<\/p>\t\t\t\t\t\t<\/div>\n\t\t\t\t<\/div>\n\t\t\t\t\t<\/div>\n\t\t<\/div>\n\t\t\t\t\t<\/div>\n\t\t<\/section>\n\t\t\t\t<\/div>\n\t\t","protected":false},"excerpt":{"rendered":"<p>Quem Somos? Nossa Empresa A CTEC busca solu\u00e7\u00f5es direcionadas \u00e0s necessidades apresentadas pelo cliente, reunindo padr\u00e3o de excel\u00eancia e garantia de alta tecnologia. Buscamos continuamente a melhoria da qualidade e da produtividade de nossas obras, \u200batualizando nossas informa\u00e7\u00f5es atrav\u00e9s de pesquisas, estudos de tend\u00eancias e novidades do mercado. Al\u00e9m de prezarmos em oferecer a melhor &hellip;<\/p>\n<p class=\"read-more\"> <a class=\"\" href=\"https:\/\/ctecsolucoes.com.br\/vp1\/quem-somos\/\"> <span class=\"screen-reader-text\">Quem Somos<\/span> Read More &raquo;<\/a><\/p>\n","protected":false},"author":1,"featured_media":0,"parent":0,"menu_order":0,"comment_status":"closed","ping_status":"closed","template":"","meta":{"footnotes":""},"class_list":["post-24886","page","type-page","status-publish","hentry"],"rise-blocks_excerpt":"Quem Somos? Nossa Empresa A CTEC busca solu\u00e7\u00f5es direcionadas \u00e0s necessidades apresentadas pelo cliente, reunindo padr\u00e3o de excel\u00eancia e garantia de alta tecnologia. Buscamos continuamente a melhoria da qualidade e da produtividade de nossas obras, \u200batualizando nossas informa\u00e7\u00f5es atrav\u00e9s de pesquisas, estudos de tend\u00eancias e novidades do mercado. Al\u00e9m de prezarmos em oferecer a melhor resposta poss\u00edvel, visando atender e..","jetpack_sharing_enabled":true,"_links":{"self":[{"href":"https:\/\/ctecsolucoes.com.br\/vp1\/wp-json\/wp\/v2\/pages\/24886","targetHints":{"allow":["GET"]}}],"collection":[{"href":"https:\/\/ctecsolucoes.com.br\/vp1\/wp-json\/wp\/v2\/pages"}],"about":[{"href":"https:\/\/ctecsolucoes.com.br\/vp1\/wp-json\/wp\/v2\/types\/page"}],"author":[{"embeddable":true,"href":"https:\/\/ctecsolucoes.com.br\/vp1\/wp-json\/wp\/v2\/users\/1"}],"replies":[{"embeddable":true,"href":"https:\/\/ctecsolucoes.com.br\/vp1\/wp-json\/wp\/v2\/comments?post=24886"}],"version-history":[{"count":9,"href":"https:\/\/ctecsolucoes.com.br\/vp1\/wp-json\/wp\/v2\/pages\/24886\/revisions"}],"predecessor-version":[{"id":25111,"href":"https:\/\/ctecsolucoes.com.br\/vp1\/wp-json\/wp\/v2\/pages\/24886\/revisions\/25111"}],"wp:attachment":[{"href":"https:\/\/ctecsolucoes.com.br\/vp1\/wp-json\/wp\/v2\/media?parent=24886"}],"curies":[{"name":"wp","href":"https:\/\/api.w.org\/{rel}","templated":true}]}}